{"id":4276,"date":"2021-11-05T13:13:15","date_gmt":"2021-11-05T19:13:15","guid":{"rendered":"https:\/\/www.zacatecas.gob.mx\/?page_id=4276"},"modified":"2023-01-11T14:30:30","modified_gmt":"2023-01-11T20:30:30","slug":"avisos-de-privacidad","status":"publish","type":"page","link":"https:\/\/sezami.zacatecas.gob.mx\/?page_id=4276","title":{"rendered":"Avisos de Privacidad"},"content":{"rendered":"<div class=\"fusion-fullwidth fullwidth-box fusion-builder-row-1 fusion-flex-container nonhundred-percent-fullwidth non-hundred-percent-height-scrolling\" style=\"background-color: rgba(255,255,255,0);background-position: center center;background-repeat: no-repeat;border-width: 0px 0px 0px 0px;border-color:var(--awb-color3);border-style:solid;\" ><div class=\"fusion-builder-row fusion-row fusion-flex-align-items-flex-start\" style=\"max-width:1248px;margin-left: calc(-4% \/ 2 );margin-right: calc(-4% \/ 2 );\"><div class=\"fusion-layout-column fusion_builder_column fusion-builder-column-0 fusion_builder_column_1_1 1_1 fusion-flex-column\"><div class=\"fusion-column-wrapper fusion-flex-justify-content-flex-start fusion-content-layout-column\" style=\"background-position:left top;background-repeat:no-repeat;-webkit-background-size:cover;-moz-background-size:cover;-o-background-size:cover;background-size:cover;padding: 0px 0px 0px 0px;\"><style type=\"text\/css\">#accordion-4276-1 .fusion-panel:hover, #accordion-4276-1 .fusion-panel.hover{ background-color: var(--awb-color2) } #accordion-4276-1 .fusion-panel { border-color:var(--awb-color3); border-width:0px; background-color:var(--awb-color1); }.fusion-accordian  #accordion-4276-1 .panel-title a .fa-fusion-box{ color: var(--awb-color1);}.fusion-accordian  #accordion-4276-1 .panel-title a .fa-fusion-box:before{ font-size: 16px; width: 16px;}.fusion-accordian  #accordion-4276-1 .panel-title a{font-size:35px;color:var(--awb-color8);font-family:var(--awb-typography1-font-family);font-weight:var(--awb-typography1-font-weight);font-style:var(--awb-typography1-font-style);}.fusion-accordian  #accordion-4276-1 .toggle-content{font-size:var(--awb-typography4-font-size);color:var(--awb-color8);font-family:var(--awb-typography4-font-family);font-weight:var(--awb-typography4-font-weight);font-style:var(--awb-typography4-font-style);}.fusion-accordian  #accordion-4276-1 .fa-fusion-box { background-color: var(--awb-color8);border-color: var(--awb-color8);}.fusion-accordian  #accordion-4276-1 .panel-title a:not(.active):hover, #accordion-4276-1 .fusion-toggle-boxed-mode:hover .panel-title a { color: var(--awb-color5);}.fusion-accordian  #accordion-4276-1 .panel-title .active .fa-fusion-box,.fusion-accordian  #accordion-4276-1 .panel-title a:not(.active):hover .fa-fusion-box { background-color: var(--awb-color5)!important;border-color: var(--awb-color5)!important;}<\/style><div class=\"accordian fusion-accordian\"><div class=\"panel-group\" id=\"accordion-4276-1\"><style type=\"text\/css\">.fusion-accordian  #accordion-4276-1 .panel-ea2b4062b5568bf24 .panel-title a{}.fusion-accordian  #accordion-4276-1 .panel-ea2b4062b5568bf24 .toggle-content{}<\/style><div class=\"fusion-panel panel-default panel-ea2b4062b5568bf24 fusion-toggle-no-divider fusion-toggle-boxed-mode\"><div class=\"panel-heading\"><h4 class=\"panel-title toggle\"><a aria-expanded=\"false\" aria-controls=\"ea2b4062b5568bf24\" role=\"button\" data-toggle=\"collapse\" data-parent=\"#accordion-4276-1\" data-target=\"#ea2b4062b5568bf24\" href=\"#ea2b4062b5568bf24\"><span class=\"fusion-toggle-icon-wrapper\" aria-hidden=\"true\"><i class=\"fa-fusion-box active-icon awb-icon-plus\" aria-hidden=\"true\"><\/i><i class=\"fa-fusion-box inactive-icon awb-icon-minus\" aria-hidden=\"true\"><\/i><\/span><span class=\"fusion-toggle-heading\">Convocatorias<\/span><\/a><\/h4><\/div><div id=\"ea2b4062b5568bf24\" class=\"panel-collapse collapse \"><div class=\"panel-body toggle-content fusion-clearfix\">AVISO DE PRIVACIDAD INTEGRAL<br \/>\nCONVOCATORIA \u201cADALID DE CANTERA Y PLATA\u201d<br \/>\n<iframe src=\"docs\/ap2023\/Convocatorias\/Aviso%20de%20Privacidad%20Convocatoria%20Adalid%20de%20Cantera%20y%20Plata,%20Mujeres%20Migrantes%20Transformando%20Zacatecas.pdf\" width=\"100%\" height=\"600px\"><\/iframe><\/p>\n<p>AVISO DE PRIVACIDAD INTEGRAL<br \/>\nCONVOCATORIA \u201cADALID DE CANTERA Y PLATA<br \/>\n<iframe src=\"docs\/ap2023\/Convocatorias\/Aviso%20de%20Privacidad%20Convocatoria%20Adalid%20de%20Cantera%20y%20Plata.pdf\" width=\"100%\" height=\"600px\"><\/iframe><\/div><\/div><\/div><style type=\"text\/css\">.fusion-accordian  #accordion-4276-1 .panel-b4b006c943663877a .panel-title a{}.fusion-accordian  #accordion-4276-1 .panel-b4b006c943663877a .toggle-content{}<\/style><div class=\"fusion-panel panel-default panel-b4b006c943663877a fusion-toggle-no-divider fusion-toggle-boxed-mode\"><div class=\"panel-heading\"><h4 class=\"panel-title toggle\"><a aria-expanded=\"false\" aria-controls=\"b4b006c943663877a\" role=\"button\" data-toggle=\"collapse\" data-parent=\"#accordion-4276-1\" data-target=\"#b4b006c943663877a\" href=\"#b4b006c943663877a\"><span class=\"fusion-toggle-icon-wrapper\" aria-hidden=\"true\"><i class=\"fa-fusion-box active-icon awb-icon-plus\" aria-hidden=\"true\"><\/i><i class=\"fa-fusion-box inactive-icon awb-icon-minus\" aria-hidden=\"true\"><\/i><\/span><span class=\"fusion-toggle-heading\">Recursos Humanos<\/span><\/a><\/h4><\/div><div id=\"b4b006c943663877a\" class=\"panel-collapse collapse \"><div class=\"panel-body toggle-content fusion-clearfix\">AVISO DE PRIVACIDAD INTEGRAL<br \/>\nDEPARTAMENTO DE RECURSOS HUMANOS<br \/>\n<iframe src=\"docs\/ap2023\/Departamento%20de%20Recursos%20Humanos\/Aviso%20de%20Privacidad%20Integral%202023%20Departamento%20de%20Recursos%20Humanos.pdf\" width=\"100%\" height=\"600px\"><\/iframe><\/p>\n<p>AVISO DE PRIVACIDAD SIMPLIFICADO DEPARTAMENTO DE RECURSOS HUMANOS<br \/>\n<iframe src=\"docs\/ap2023\/Departamento%20de%20Recursos%20Humanos\/Aviso%20de%20Privacidad%20Simplificado%202023%20Departamento%20de%20Recursos%20Humanos.pdf\" width=\"100%\" height=\"600px\"><\/iframe><\/div><\/div><\/div><style type=\"text\/css\">.fusion-accordian  #accordion-4276-1 .panel-3e1940a88cb762036 .panel-title a{}.fusion-accordian  #accordion-4276-1 .panel-3e1940a88cb762036 .toggle-content{}<\/style><div class=\"fusion-panel panel-default panel-3e1940a88cb762036 fusion-toggle-no-divider fusion-toggle-boxed-mode\"><div class=\"panel-heading\"><h4 class=\"panel-title toggle\"><a aria-expanded=\"false\" aria-controls=\"3e1940a88cb762036\" role=\"button\" data-toggle=\"collapse\" data-parent=\"#accordion-4276-1\" data-target=\"#3e1940a88cb762036\" href=\"#3e1940a88cb762036\"><span class=\"fusion-toggle-icon-wrapper\" aria-hidden=\"true\"><i class=\"fa-fusion-box active-icon awb-icon-plus\" aria-hidden=\"true\"><\/i><i class=\"fa-fusion-box inactive-icon awb-icon-minus\" aria-hidden=\"true\"><\/i><\/span><span class=\"fusion-toggle-heading\">Direcci\u00f3n de Atenci\u00f3n al Migrante<\/span><\/a><\/h4><\/div><div id=\"3e1940a88cb762036\" class=\"panel-collapse collapse \"><div class=\"panel-body toggle-content fusion-clearfix\">AVISO DE PRIVACIDAD INTEGRAL DIRECCI\u00d3N DE ATENCI\u00d3N AL MIGRANTE<br \/>\n<iframe src=\"docs\/ap2023\/Direcci\u00f3n%20de%20Atenci\u00f3n%20al%20Migrante\/Aviso%20de%20Privacidad%20Integral%202023%20Direcci\u00f3n%20de%20Atenci\u00f3n%20al%20Migrante%20.pdf\" width=\"100%\" height=\"600px\"><\/iframe><\/p>\n<p>AVISO DE PRIVACIDAD SIMPLIFICADO<br \/>\nDIRECCI\u00d3N DE ATENCI\u00d3N AL MIGRANTE<br \/>\n<iframe src=\"docs\/ap2023\/Direcci\u00f3n%20de%20Atenci\u00f3n%20al%20Migrante\/Aviso%20de%20Privacidad%20Simplificado%202023%20Direcci\u00f3n%20de%20Atenci\u00f3n%20al%20Migrante.pdf\" width=\"100%\" height=\"600px\"><\/iframe><\/div><\/div><\/div><style type=\"text\/css\">.fusion-accordian  #accordion-4276-1 .panel-6c0bdfa0d8eac036b .panel-title a{}.fusion-accordian  #accordion-4276-1 .panel-6c0bdfa0d8eac036b .toggle-content{}<\/style><div class=\"fusion-panel panel-default panel-6c0bdfa0d8eac036b fusion-toggle-no-divider fusion-toggle-boxed-mode\"><div class=\"panel-heading\"><h4 class=\"panel-title toggle\"><a aria-expanded=\"false\" aria-controls=\"6c0bdfa0d8eac036b\" role=\"button\" data-toggle=\"collapse\" data-parent=\"#accordion-4276-1\" data-target=\"#6c0bdfa0d8eac036b\" href=\"#6c0bdfa0d8eac036b\"><span class=\"fusion-toggle-icon-wrapper\" aria-hidden=\"true\"><i class=\"fa-fusion-box active-icon awb-icon-plus\" aria-hidden=\"true\"><\/i><i class=\"fa-fusion-box inactive-icon awb-icon-minus\" aria-hidden=\"true\"><\/i><\/span><span class=\"fusion-toggle-heading\">Direcci\u00f3n de Fomento Econ\u00f3mico y Social para el Migrante y sus Familias<\/span><\/a><\/h4><\/div><div id=\"6c0bdfa0d8eac036b\" class=\"panel-collapse collapse \"><div class=\"panel-body toggle-content fusion-clearfix\">AVISO DE PRIVACIDAD INTEGRAL<br \/>\nDIRECCI\u00d3N DE FOMENTO ECON\u00d3MICO Y SOCIAL PARA EL MIGRANTE Y SUS FAMILIAS<br \/>\n<iframe src=\"docs\/ap2023\/Direcci\u00f3n%20de%20Fomento%20Econ\u00f3mico%20y%20Social%20para%20el%20Migrante%20y%20sus%20Familias\/Aviso%20de%20Privacidad%20Integral%202023%20Direcci\u00f3n%20de%20Fomento%20Econ\u00f3mico%20y%20Social%20para%20el%20Migrante.pdf\" width=\"100%\" height=\"600px\"><\/iframe><\/p>\n<p>AVISO DE PRIVACIDAD SIMPLIFICADO<br \/>\nDIRECCI\u00d3N DE FOMENTO ECON\u00d3MICO Y SOCIAL PARA EL MIGRANTE Y SUS FAMILIAS<br \/>\n<iframe src=\"docs\/ap2023\/Direcci\u00f3n%20de%20Fomento%20Econ\u00f3mico%20y%20Social%20para%20el%20Migrante%20y%20sus%20Familias\/Aviso%20de%20Privacidad%20Simplificado%202023%20Direcci\u00f3n%20de%20Fomento%20Econ\u00f3mico%20y%20Social%20para%20el%20Migrante.pdf\" width=\"100%\" height=\"600px\"><\/iframe><\/div><\/div><\/div><style type=\"text\/css\">.fusion-accordian  #accordion-4276-1 .panel-df8fc64b09f3254fa .panel-title a{}.fusion-accordian  #accordion-4276-1 .panel-df8fc64b09f3254fa .toggle-content{}<\/style><div class=\"fusion-panel panel-default panel-df8fc64b09f3254fa fusion-toggle-no-divider fusion-toggle-boxed-mode\"><div class=\"panel-heading\"><h4 class=\"panel-title toggle\"><a aria-expanded=\"false\" aria-controls=\"df8fc64b09f3254fa\" role=\"button\" data-toggle=\"collapse\" data-parent=\"#accordion-4276-1\" data-target=\"#df8fc64b09f3254fa\" href=\"#df8fc64b09f3254fa\"><span class=\"fusion-toggle-icon-wrapper\" aria-hidden=\"true\"><i class=\"fa-fusion-box active-icon awb-icon-plus\" aria-hidden=\"true\"><\/i><i class=\"fa-fusion-box inactive-icon awb-icon-minus\" aria-hidden=\"true\"><\/i><\/span><span class=\"fusion-toggle-heading\">Aviso de Privacidad Direcci\u00f3n de Proyectos de Inversi\u00f3n con Migrantes<\/span><\/a><\/h4><\/div><div id=\"df8fc64b09f3254fa\" class=\"panel-collapse collapse \"><div class=\"panel-body toggle-content fusion-clearfix\">AVISO DE PRIVACIDAD INTEGRAL<br \/>\nDIRECCI\u00d3N DE PROYECTOS DE INVERSI\u00d3N CON MIGRANTES<br \/>\n<iframe src=\"docs\/ap2023\/Direcci\u00f3n%20de%20Proyectos%20de%20Inversi\u00f3n\/Aviso%20de%20Privacidad%20Integral%202023%20Direcci\u00f3n%20de%20Proyectos%20de%20Inversi\u00f3n.pdf\" width=\"100%\" height=\"600px\"><\/iframe><\/p>\n<p>AVISO DE PRIVACIDAD SIMPLIFICADO<br \/>\nDIRECCI\u00d3N DE PROYECTOS DE INVERSI\u00d3N CON MIGRANTES<br \/>\n<iframe src=\"docs\/ap2023\/Direcci\u00f3n%20de%20Proyectos%20de%20Inversi\u00f3n\/Aviso%20de%20Privacidad%20Simplificado%202023%20Direcci\u00f3n%20de%20Proyectos%20de%20Inversi\u00f3n%20.pdf\" width=\"100%\" height=\"600px\"><\/iframe><\/div><\/div><\/div><style type=\"text\/css\">.fusion-accordian  #accordion-4276-1 .panel-2e8cb8cad7ea9201a .panel-title a{}.fusion-accordian  #accordion-4276-1 .panel-2e8cb8cad7ea9201a .toggle-content{}<\/style><div class=\"fusion-panel panel-default panel-2e8cb8cad7ea9201a fusion-toggle-no-divider fusion-toggle-boxed-mode\"><div class=\"panel-heading\"><h4 class=\"panel-title toggle\"><a aria-expanded=\"false\" aria-controls=\"2e8cb8cad7ea9201a\" role=\"button\" data-toggle=\"collapse\" data-parent=\"#accordion-4276-1\" data-target=\"#2e8cb8cad7ea9201a\" href=\"#2e8cb8cad7ea9201a\"><span class=\"fusion-toggle-icon-wrapper\" aria-hidden=\"true\"><i class=\"fa-fusion-box active-icon awb-icon-plus\" aria-hidden=\"true\"><\/i><i class=\"fa-fusion-box inactive-icon awb-icon-minus\" aria-hidden=\"true\"><\/i><\/span><span class=\"fusion-toggle-heading\">Direcci\u00f3n de los Zacatecanos en el Exterior, Planeaci\u00f3n e Informaci\u00f3n<\/span><\/a><\/h4><\/div><div id=\"2e8cb8cad7ea9201a\" class=\"panel-collapse collapse \"><div class=\"panel-body toggle-content fusion-clearfix\">AVISO DE PRIVACIDAD INTEGRAL<br \/>\nDIRECCI\u00d3N DE LOS ZACATECANOS EN EL EXTERIOR, PLANEACI\u00d3N E INFORMACI\u00d3N<br \/>\n<iframe src=\"docs\/ap2023\/Direcci\u00f3n%20de%20los%20Zacatecanos%20en%20el%20Exterior,%20Planeaci\u00f3n%20e%20Informaci\u00f3n\/Aviso%20de%20Privacidad%20Integral%202023%20Direcci\u00f3n%20de%20los%20Zacatecanos%20en%20el%20Exterior,%20Planeaci\u00f3n%20e%20Informaci\u00f3n.pdf\" width=\"100%\" height=\"600px\"><\/iframe><\/p>\n<p>AVISO DE PRIVACIDAD SIMPLIFICADO<br \/>\nDIRECCI\u00d3N DE LOS ZACATECANOS EN EL EXTERIOR, PLANEACI\u00d3N E INFORMACI\u00d3N<br \/>\n<iframe src=\"docs\/ap2023\/Direcci\u00f3n%20de%20los%20Zacatecanos%20en%20el%20Exterior,%20Planeaci\u00f3n%20e%20Informaci\u00f3n\/Aviso%20de%20Privacidad%20Simplificado%202023%20Direcci\u00f3n%20de%20los%20Zacatecanos%20en%20el%20Exterior.pdf\" width=\"100%\" height=\"600px\"><\/iframe><\/div><\/div><\/div><style type=\"text\/css\">.fusion-accordian  #accordion-4276-1 .panel-f76952edc758033dd .panel-title a{}.fusion-accordian  #accordion-4276-1 .panel-f76952edc758033dd .toggle-content{}<\/style><div class=\"fusion-panel panel-default panel-f76952edc758033dd fusion-toggle-no-divider fusion-toggle-boxed-mode\"><div class=\"panel-heading\"><h4 class=\"panel-title toggle\"><a aria-expanded=\"false\" aria-controls=\"f76952edc758033dd\" role=\"button\" data-toggle=\"collapse\" data-parent=\"#accordion-4276-1\" data-target=\"#f76952edc758033dd\" href=\"#f76952edc758033dd\"><span class=\"fusion-toggle-icon-wrapper\" aria-hidden=\"true\"><i class=\"fa-fusion-box active-icon awb-icon-plus\" aria-hidden=\"true\"><\/i><i class=\"fa-fusion-box inactive-icon awb-icon-minus\" aria-hidden=\"true\"><\/i><\/span><span class=\"fusion-toggle-heading\">Padr\u00f3n \u00danico de Beneficiarios<\/span><\/a><\/h4><\/div><div id=\"f76952edc758033dd\" class=\"panel-collapse collapse \"><div class=\"panel-body toggle-content fusion-clearfix\">Padr\u00f3n \u00fanico de beneficiarios.<br \/>\n<iframe src=\"docs\/ap2023\/Padr\u00f3n%20Unico%20de%20Beneficiarios\/Padr\u00f3n%20Unico%20de%20Beneficiarios.pdf\" width=\"100%\" height=\"600px\"><\/iframe><\/p>\n<p>&nbsp;<\/div><\/div><\/div><style type=\"text\/css\">.fusion-accordian  #accordion-4276-1 .panel-4dfd2ee030db0e80b .panel-title a{}.fusion-accordian  #accordion-4276-1 .panel-4dfd2ee030db0e80b .toggle-content{}<\/style><div class=\"fusion-panel panel-default panel-4dfd2ee030db0e80b fusion-toggle-no-divider fusion-toggle-boxed-mode\"><div class=\"panel-heading\"><h4 class=\"panel-title toggle\"><a aria-expanded=\"false\" aria-controls=\"4dfd2ee030db0e80b\" role=\"button\" data-toggle=\"collapse\" data-parent=\"#accordion-4276-1\" data-target=\"#4dfd2ee030db0e80b\" href=\"#4dfd2ee030db0e80b\"><span class=\"fusion-toggle-icon-wrapper\" aria-hidden=\"true\"><i class=\"fa-fusion-box active-icon awb-icon-plus\" aria-hidden=\"true\"><\/i><i class=\"fa-fusion-box inactive-icon awb-icon-minus\" aria-hidden=\"true\"><\/i><\/span><span class=\"fusion-toggle-heading\">Recepci\u00f3n<\/span><\/a><\/h4><\/div><div id=\"4dfd2ee030db0e80b\" class=\"panel-collapse collapse \"><div class=\"panel-body toggle-content fusion-clearfix\">Aviso de Privacidad Integral<br \/>\n<iframe src=\"docs\/ap2023\/Recepci\u00f3n\/Aviso%20de%20Privacidad%20Integral%202023%20Recepci\u00f3n.pdf\" width=\"100%\" height=\"600px\"><\/iframe><\/p>\n<p>Aviso de Privacidad Simplificado<br \/>\n<iframe src=\"docs\/ap2023\/Recepci\u00f3n\/Aviso%20de%20Privacidad%20Simplificado%202023%20Recepci\u00f3n%20.pdf\" width=\"100%\" height=\"600px\"><\/iframe><\/div><\/div><\/div><style type=\"text\/css\">.fusion-accordian  #accordion-4276-1 .panel-0ff6e842d3c4ed707 .panel-title a{}.fusion-accordian  #accordion-4276-1 .panel-0ff6e842d3c4ed707 .toggle-content{}<\/style><div class=\"fusion-panel panel-default panel-0ff6e842d3c4ed707 fusion-toggle-no-divider fusion-toggle-boxed-mode\"><div class=\"panel-heading\"><h4 class=\"panel-title toggle\"><a aria-expanded=\"false\" aria-controls=\"0ff6e842d3c4ed707\" role=\"button\" data-toggle=\"collapse\" data-parent=\"#accordion-4276-1\" data-target=\"#0ff6e842d3c4ed707\" href=\"#0ff6e842d3c4ed707\"><span class=\"fusion-toggle-icon-wrapper\" aria-hidden=\"true\"><i class=\"fa-fusion-box active-icon awb-icon-plus\" aria-hidden=\"true\"><\/i><i class=\"fa-fusion-box inactive-icon awb-icon-minus\" aria-hidden=\"true\"><\/i><\/span><span class=\"fusion-toggle-heading\">Atenci\u00f3n en Linea<\/span><\/a><\/h4><\/div><div id=\"0ff6e842d3c4ed707\" class=\"panel-collapse collapse \"><div class=\"panel-body toggle-content fusion-clearfix\">Aviso de Privacidad Integral Asistencia en Linea<br \/>\n<iframe src=\"docs\/ap2023\/SEZAMI%20Virtual\/Aviso%20de%20Privacidad%20Integral.Asistencia%20en%20L\u00ednea.pdf\" width=\"100%\" height=\"600px\"><\/iframe><\/p>\n<p>Aviso de Privacidad Integral Registro de Migrantes Zacatecanos<br \/>\n<iframe src=\"docs\/ap2023\/SEZAMI%20Virtual\/Aviso%20de%20Privacidad%20Integral.Registro%20de%20Migrantes%20Zacatecanos.pdf\" width=\"100%\" height=\"600px\"><\/iframe><\/p>\n<p>Aviso de Privacidad Integral Formulario Vinculo Migrante<br \/>\n<iframe src=\"docs\/ap2023\/SEZAMI%20Virtual\/Aviso%20de%20Privacidad%20Integral.%20V\u00ednculo%20Migrante.pdf\" width=\"100%\" height=\"600px\"><\/iframe><\/p>\n<p>Aviso de Privacidad Integral Registro de Enlace Migrante<br \/>\n<iframe src=\"docs\/ap2023\/SEZAMI%20Virtual\/Aviso%20de%20Privacidad%20Integral%202023%20Registro%20de%20Enlace%20Migrante.pdf\" width=\"100%\" height=\"600px\"><\/iframe><\/div><\/div><\/div><style type=\"text\/css\">.fusion-accordian  #accordion-4276-1 .panel-d658531d857b55f75 .panel-title a{}.fusion-accordian  #accordion-4276-1 .panel-d658531d857b55f75 .toggle-content{}<\/style><div class=\"fusion-panel panel-default panel-d658531d857b55f75 fusion-toggle-no-divider fusion-toggle-boxed-mode\"><div class=\"panel-heading\"><h4 class=\"panel-title toggle\"><a aria-expanded=\"false\" aria-controls=\"d658531d857b55f75\" role=\"button\" data-toggle=\"collapse\" data-parent=\"#accordion-4276-1\" data-target=\"#d658531d857b55f75\" href=\"#d658531d857b55f75\"><span class=\"fusion-toggle-icon-wrapper\" aria-hidden=\"true\"><i class=\"fa-fusion-box active-icon awb-icon-plus\" aria-hidden=\"true\"><\/i><i class=\"fa-fusion-box inactive-icon awb-icon-minus\" aria-hidden=\"true\"><\/i><\/span><span class=\"fusion-toggle-heading\">Unidad de Comunicaci\u00f3n Social<\/span><\/a><\/h4><\/div><div id=\"d658531d857b55f75\" class=\"panel-collapse collapse \"><div class=\"panel-body toggle-content fusion-clearfix\">Aviso de Privacidad Integral<br \/>\n<iframe src=\"docs\/ap2023\/Unidad%20de%20Comunicaci\u00f3n%20Social\/Aviso%20de%20Privacidad%20Integral%202023%20Unidad%20de%20Comunicaci\u00f3n%20Social%20.pdf\" width=\"100%\" height=\"600px\"><\/iframe><\/p>\n<p>Aviso de Privacidad Simplificado<br \/>\n<iframe src=\"docs\/ap2023\/Unidad%20de%20Comunicaci\u00f3n%20Social\/Aviso%20de%20Privacidad%20Simplificado%202023%20Unidad%20de%20Comunicaci\u00f3n%20Social.pdf\" width=\"100%\" height=\"600px\"><\/iframe><\/div><\/div><\/div><style type=\"text\/css\">.fusion-accordian  #accordion-4276-1 .panel-fd363b4fe5fb74d6f .panel-title a{}.fusion-accordian  #accordion-4276-1 .panel-fd363b4fe5fb74d6f .toggle-content{}<\/style><div class=\"fusion-panel panel-default panel-fd363b4fe5fb74d6f fusion-toggle-no-divider fusion-toggle-boxed-mode\"><div class=\"panel-heading\"><h4 class=\"panel-title toggle\"><a aria-expanded=\"false\" aria-controls=\"fd363b4fe5fb74d6f\" role=\"button\" data-toggle=\"collapse\" data-parent=\"#accordion-4276-1\" data-target=\"#fd363b4fe5fb74d6f\" href=\"#fd363b4fe5fb74d6f\"><span class=\"fusion-toggle-icon-wrapper\" aria-hidden=\"true\"><i class=\"fa-fusion-box active-icon awb-icon-plus\" aria-hidden=\"true\"><\/i><i class=\"fa-fusion-box inactive-icon awb-icon-minus\" aria-hidden=\"true\"><\/i><\/span><span class=\"fusion-toggle-heading\">Unidad de Transparencia<\/span><\/a><\/h4><\/div><div id=\"fd363b4fe5fb74d6f\" class=\"panel-collapse collapse \"><div class=\"panel-body toggle-content fusion-clearfix\">Aviso de Privacidad Simplificado<br \/>\n<iframe src=\"docs\/ap2023\/Unidad%20de%20Transparencia\/Aviso%20de%20Privacidad%202023%20Simplificado%20Unidad%20de%20Transparencia.pdf\" width=\"100%\" height=\"600px\"><\/iframe><\/p>\n<p>Aviso de Privacidad Integral<br \/>\n<iframe src=\"docs\/ap2023\/Unidad%20de%20Transparencia\/Aviso%20de%20Privacidad%20Integral%202023%20Unidad%20de%20Transparencia%20.pdf\" width=\"100%\" height=\"600px\"><\/iframe><\/div><\/div><\/div><style type=\"text\/css\">.fusion-accordian  #accordion-4276-1 .panel-49c9eb86db71c5db0 .panel-title a{}.fusion-accordian  #accordion-4276-1 .panel-49c9eb86db71c5db0 .toggle-content{}<\/style><div class=\"fusion-panel panel-default panel-49c9eb86db71c5db0 fusion-toggle-no-divider fusion-toggle-boxed-mode\"><div class=\"panel-heading\"><h4 class=\"panel-title toggle\"><a aria-expanded=\"false\" aria-controls=\"49c9eb86db71c5db0\" role=\"button\" data-toggle=\"collapse\" data-parent=\"#accordion-4276-1\" data-target=\"#49c9eb86db71c5db0\" href=\"#49c9eb86db71c5db0\"><span class=\"fusion-toggle-icon-wrapper\" aria-hidden=\"true\"><i class=\"fa-fusion-box active-icon awb-icon-plus\" aria-hidden=\"true\"><\/i><i class=\"fa-fusion-box inactive-icon awb-icon-minus\" aria-hidden=\"true\"><\/i><\/span><span class=\"fusion-toggle-heading\">Aviso de Privacidad Videovigilancia<\/span><\/a><\/h4><\/div><div id=\"49c9eb86db71c5db0\" class=\"panel-collapse collapse \"><div class=\"panel-body toggle-content fusion-clearfix\">Aviso de Privacidad Integral<br \/>\n<iframe src=\"docs\/ap2023\/Videovigilancia%20SEZAMI\/Aviso%20de%20Privacidad%20Integral.%20Videovigilancia%20SEZAMI.pdf\" width=\"100%\" height=\"600px\"><\/iframe><\/div><\/div><\/div><\/div><\/div><\/div><style type=\"text\/css\">.fusion-body .fusion-builder-column-0{width:100% !important;margin-top : 0px;margin-bottom : 20px;}.fusion-builder-column-0 > .fusion-column-wrapper {padding-top : 0px !important;padding-right : 0px !important;margin-right : 1.92%;padding-bottom : 0px !important;padding-left : 0px !important;margin-left : 1.92%;}@media only screen and (max-width:1024px) {.fusion-body .fusion-builder-column-0{width:100% !important;order : 0;}.fusion-builder-column-0 > .fusion-column-wrapper {margin-right : 1.92%;margin-left : 1.92%;}}@media only screen and (max-width:640px) {.fusion-body .fusion-builder-column-0{width:100% !important;order : 0;}.fusion-builder-column-0 > .fusion-column-wrapper {margin-right : 1.92%;margin-left : 1.92%;}}<\/style><\/div><\/div><style type=\"text\/css\">.fusion-body .fusion-flex-container.fusion-builder-row-1{ padding-top : 0px;margin-top : 0px;padding-right : 0px;padding-bottom : 0px;margin-bottom : 0px;padding-left : 0px;}<\/style><\/div>\n","protected":false},"excerpt":{"rendered":"","protected":false},"author":5,"featured_media":0,"parent":0,"menu_order":0,"comment_status":"closed","ping_status":"closed","template":"","meta":{"_eb_attr":""},"_links":{"self":[{"href":"https:\/\/sezami.zacatecas.gob.mx\/index.php?rest_route=\/wp\/v2\/pages\/4276"}],"collection":[{"href":"https:\/\/sezami.zacatecas.gob.mx\/index.php?rest_route=\/wp\/v2\/pages"}],"about":[{"href":"https:\/\/sezami.zacatecas.gob.mx\/index.php?rest_route=\/wp\/v2\/types\/page"}],"author":[{"embeddable":true,"href":"https:\/\/sezami.zacatecas.gob.mx\/index.php?rest_route=\/wp\/v2\/users\/5"}],"replies":[{"embeddable":true,"href":"https:\/\/sezami.zacatecas.gob.mx\/index.php?rest_route=%2Fwp%2Fv2%2Fcomments&post=4276"}],"version-history":[{"count":54,"href":"https:\/\/sezami.zacatecas.gob.mx\/index.php?rest_route=\/wp\/v2\/pages\/4276\/revisions"}],"predecessor-version":[{"id":17796,"href":"https:\/\/sezami.zacatecas.gob.mx\/index.php?rest_route=\/wp\/v2\/pages\/4276\/revisions\/17796"}],"wp:attachment":[{"href":"https:\/\/sezami.zacatecas.gob.mx\/index.php?rest_route=%2Fwp%2Fv2%2Fmedia&parent=4276"}],"curies":[{"name":"wp","href":"https:\/\/api.w.org\/{rel}","templated":true}]}}