{"id":3553,"date":"2021-11-03T15:42:26","date_gmt":"2021-11-03T21:42:26","guid":{"rendered":"https:\/\/www.zacatecas.gob.mx\/?page_id=3553"},"modified":"2022-02-20T23:06:58","modified_gmt":"2022-02-21T05:06:58","slug":"preguntas-frecuentes","status":"publish","type":"page","link":"https:\/\/sezami.zacatecas.gob.mx\/?page_id=3553","title":{"rendered":"Preguntas Frecuentes"},"content":{"rendered":"<div class=\"fusion-fullwidth fullwidth-box fusion-builder-row-1 fusion-flex-container nonhundred-percent-fullwidth non-hundred-percent-height-scrolling\" style=\"background-color: rgba(255,255,255,0);background-position: center center;background-repeat: no-repeat;border-width: 0px 0px 0px 0px;border-color:var(--awb-color3);border-style:solid;\" ><div class=\"fusion-builder-row fusion-row fusion-flex-align-items-flex-start\" style=\"max-width:1248px;margin-left: calc(-4% \/ 2 );margin-right: calc(-4% \/ 2 );\"><div class=\"fusion-layout-column fusion_builder_column fusion-builder-column-0 fusion_builder_column_1_1 1_1 fusion-flex-column\"><div class=\"fusion-column-wrapper fusion-flex-justify-content-flex-start fusion-content-layout-column\" style=\"background-position:left top;background-repeat:no-repeat;-webkit-background-size:cover;-moz-background-size:cover;-o-background-size:cover;background-size:cover;padding: 0px 0px 0px 0px;\"><style type=\"text\/css\">#accordion-3553-1 .fusion-panel:hover{ border-color: var(--awb-color3) } #accordion-3553-1 .fusion-panel { border-color:var(--awb-color3); }.fusion-accordian  #accordion-3553-1 .panel-title a .fa-fusion-box{ color: #ffffff;}.fusion-accordian  #accordion-3553-1 .panel-title a .fa-fusion-box:before{ font-size: 16px; width: 16px;}.fusion-accordian  #accordion-3553-1 .panel-title a{font-size:var(--awb-typography1-font-size);color:var(--awb-color8);font-family:var(--awb-typography1-font-family);font-weight:var(--awb-typography1-font-weight);font-style:var(--awb-typography1-font-style);}.fusion-accordian  #accordion-3553-1 .toggle-content{font-size:var(--awb-typography4-font-size);color:var(--awb-color8);font-family:var(--awb-typography4-font-family);font-weight:var(--awb-typography4-font-weight);font-style:var(--awb-typography4-font-style);}.fusion-accordian  #accordion-3553-1 .fa-fusion-box { background-color: #e2746e;border-color: #e2746e;}.fusion-accordian  #accordion-3553-1 .panel-title a:not(.active):hover, #accordion-3553-1 .fusion-toggle-boxed-mode:hover .panel-title a { color: #781005;}.fusion-accordian  #accordion-3553-1 .panel-title .active .fa-fusion-box,.fusion-accordian  #accordion-3553-1 .panel-title a:not(.active):hover .fa-fusion-box { background-color: #781005!important;border-color: #781005!important;}<\/style><div class=\"accordian fusion-accordian\"><div class=\"panel-group\" id=\"accordion-3553-1\"><style type=\"text\/css\">.fusion-accordian  #accordion-3553-1 .panel-5a3aeecd4b462cf19 .panel-title a{}.fusion-accordian  #accordion-3553-1 .panel-5a3aeecd4b462cf19 .toggle-content{}<\/style><div class=\"fusion-panel panel-default panel-5a3aeecd4b462cf19\"><div class=\"panel-heading\"><h4 class=\"panel-title toggle\"><a class=\"active\" aria-expanded=\"true\" aria-controls=\"5a3aeecd4b462cf19\" role=\"button\" data-toggle=\"collapse\" data-parent=\"#accordion-3553-1\" data-target=\"#5a3aeecd4b462cf19\" href=\"#5a3aeecd4b462cf19\"><span class=\"fusion-toggle-icon-wrapper\" aria-hidden=\"true\"><i class=\"fa-fusion-box active-icon awb-icon-plus\" aria-hidden=\"true\"><\/i><i class=\"fa-fusion-box inactive-icon awb-icon-minus\" aria-hidden=\"true\"><\/i><\/span><span class=\"fusion-toggle-heading\">Coraz\u00f3n de Plata<\/span><\/a><\/h4><\/div><div id=\"5a3aeecd4b462cf19\" class=\"panel-collapse collapse in\"><div class=\"panel-body toggle-content fusion-clearfix\">\n<p>El programa Coraz\u00f3n de Plata, actualmente esta detenido, por situaciones del pandemia del COVID. Una vez los consulados americanos empiecen a regularizar las citas. Se podr\u00e1 activar nuevamente el programa.<\/p>\n<\/div><\/div><\/div><style type=\"text\/css\">.fusion-accordian  #accordion-3553-1 .panel-7b266243d7e628e46 .panel-title a{}.fusion-accordian  #accordion-3553-1 .panel-7b266243d7e628e46 .toggle-content{}<\/style><div class=\"fusion-panel panel-default panel-7b266243d7e628e46\"><div class=\"panel-heading\"><h4 class=\"panel-title toggle\"><a aria-expanded=\"false\" aria-controls=\"7b266243d7e628e46\" role=\"button\" data-toggle=\"collapse\" data-parent=\"#accordion-3553-1\" data-target=\"#7b266243d7e628e46\" href=\"#7b266243d7e628e46\"><span class=\"fusion-toggle-icon-wrapper\" aria-hidden=\"true\"><i class=\"fa-fusion-box active-icon awb-icon-plus\" aria-hidden=\"true\"><\/i><i class=\"fa-fusion-box inactive-icon awb-icon-minus\" aria-hidden=\"true\"><\/i><\/span><span class=\"fusion-toggle-heading\">\u00bfC\u00f3mo se obtiene una Visa de Turista?<\/span><\/a><\/h4><\/div><div id=\"7b266243d7e628e46\" class=\"panel-collapse collapse \"><div class=\"panel-body toggle-content fusion-clearfix\">\n<p>En la Secretar\u00eda del Zacatecano Migrante te asesoramos y acompa\u00f1amos en el tr\u00e1mite para la visa de turista.<\/p>\n<p><span style=\"color: #ff0000;\"><strong>Por el momento s\u00f3lo se est\u00e1 haciendo el tr\u00e1mite para renovaci\u00f3n, ya que los consulados tienen fechas para primera vez, hasta el a\u00f1o 2023.<\/strong><\/span><\/p>\n<\/div><\/div><\/div><style type=\"text\/css\">.fusion-accordian  #accordion-3553-1 .panel-61c85a30a9ffd5182 .panel-title a{}.fusion-accordian  #accordion-3553-1 .panel-61c85a30a9ffd5182 .toggle-content{}<\/style><div class=\"fusion-panel panel-default panel-61c85a30a9ffd5182\"><div class=\"panel-heading\"><h4 class=\"panel-title toggle\"><a aria-expanded=\"false\" aria-controls=\"61c85a30a9ffd5182\" role=\"button\" data-toggle=\"collapse\" data-parent=\"#accordion-3553-1\" data-target=\"#61c85a30a9ffd5182\" href=\"#61c85a30a9ffd5182\"><span class=\"fusion-toggle-icon-wrapper\" aria-hidden=\"true\"><i class=\"fa-fusion-box active-icon awb-icon-plus\" aria-hidden=\"true\"><\/i><i class=\"fa-fusion-box inactive-icon awb-icon-minus\" aria-hidden=\"true\"><\/i><\/span><span class=\"fusion-toggle-heading\">\u00bfC\u00f3mo obtengo mi pasaporte americano?<\/span><\/a><\/h4><\/div><div id=\"61c85a30a9ffd5182\" class=\"panel-collapse collapse \"><div class=\"panel-body toggle-content fusion-clearfix\">\n<p>Para informaci\u00f3n de este servicio puedes comunicarte a:<\/p>\n<p>492 49 15000 ext 37100 o 37151<\/p>\n<\/div><\/div><\/div><style type=\"text\/css\">.fusion-accordian  #accordion-3553-1 .panel-1b667b12a1659c43c .panel-title a{}.fusion-accordian  #accordion-3553-1 .panel-1b667b12a1659c43c .toggle-content{}<\/style><div class=\"fusion-panel panel-default panel-1b667b12a1659c43c\"><div class=\"panel-heading\"><h4 class=\"panel-title toggle\"><a aria-expanded=\"false\" aria-controls=\"1b667b12a1659c43c\" role=\"button\" data-toggle=\"collapse\" data-parent=\"#accordion-3553-1\" data-target=\"#1b667b12a1659c43c\" href=\"#1b667b12a1659c43c\"><span class=\"fusion-toggle-icon-wrapper\" aria-hidden=\"true\"><i class=\"fa-fusion-box active-icon awb-icon-plus\" aria-hidden=\"true\"><\/i><i class=\"fa-fusion-box inactive-icon awb-icon-minus\" aria-hidden=\"true\"><\/i><\/span><span class=\"fusion-toggle-heading\">Soy migrante y tengo una emergencia. \u00bfCon qui\u00e9n me debo comunicar?<\/span><\/a><\/h4><\/div><div id=\"1b667b12a1659c43c\" class=\"panel-collapse collapse \"><div class=\"panel-body toggle-content fusion-clearfix\">\n<p>En la Secretar\u00eda del Zacatecano Migrante contamos con un n\u00famero de atenci\u00f3n a trav\u00e9s de WhatsApp disponible 24 horas:<\/p>\n<p><a href=\"https:\/\/wa.me\/5249201176891\" target=\"_blank\" rel=\"noopener\">Click aqu\u00ed para iniciar una solicitud.<\/a><\/p>\n<\/div><\/div><\/div><\/div><\/div><\/div><style type=\"text\/css\">.fusion-body .fusion-builder-column-0{width:100% !important;margin-top : 0px;margin-bottom : 20px;}.fusion-builder-column-0 > .fusion-column-wrapper {padding-top : 0px !important;padding-right : 0px !important;margin-right : 1.92%;padding-bottom : 0px !important;padding-left : 0px !important;margin-left : 1.92%;}@media only screen and (max-width:1024px) {.fusion-body .fusion-builder-column-0{width:100% !important;order : 0;}.fusion-builder-column-0 > .fusion-column-wrapper {margin-right : 1.92%;margin-left : 1.92%;}}@media only screen and (max-width:640px) {.fusion-body .fusion-builder-column-0{width:100% !important;order : 0;}.fusion-builder-column-0 > .fusion-column-wrapper {margin-right : 1.92%;margin-left : 1.92%;}}<\/style><\/div><\/div><style type=\"text\/css\">.fusion-body .fusion-flex-container.fusion-builder-row-1{ padding-top : 0px;margin-top : 0px;padding-right : 0px;padding-bottom : 0px;margin-bottom : 0px;padding-left : 0px;}<\/style><\/div>\n","protected":false},"excerpt":{"rendered":"","protected":false},"author":5,"featured_media":0,"parent":0,"menu_order":0,"comment_status":"closed","ping_status":"closed","template":"","meta":{"_eb_attr":""},"_links":{"self":[{"href":"https:\/\/sezami.zacatecas.gob.mx\/index.php?rest_route=\/wp\/v2\/pages\/3553"}],"collection":[{"href":"https:\/\/sezami.zacatecas.gob.mx\/index.php?rest_route=\/wp\/v2\/pages"}],"about":[{"href":"https:\/\/sezami.zacatecas.gob.mx\/index.php?rest_route=\/wp\/v2\/types\/page"}],"author":[{"embeddable":true,"href":"https:\/\/sezami.zacatecas.gob.mx\/index.php?rest_route=\/wp\/v2\/users\/5"}],"replies":[{"embeddable":true,"href":"https:\/\/sezami.zacatecas.gob.mx\/index.php?rest_route=%2Fwp%2Fv2%2Fcomments&post=3553"}],"version-history":[{"count":5,"href":"https:\/\/sezami.zacatecas.gob.mx\/index.php?rest_route=\/wp\/v2\/pages\/3553\/revisions"}],"predecessor-version":[{"id":16603,"href":"https:\/\/sezami.zacatecas.gob.mx\/index.php?rest_route=\/wp\/v2\/pages\/3553\/revisions\/16603"}],"wp:attachment":[{"href":"https:\/\/sezami.zacatecas.gob.mx\/index.php?rest_route=%2Fwp%2Fv2%2Fmedia&parent=3553"}],"curies":[{"name":"wp","href":"https:\/\/api.w.org\/{rel}","templated":true}]}}