{"id":19547,"date":"2025-08-13T18:54:58","date_gmt":"2025-08-14T00:54:58","guid":{"rendered":"https:\/\/sezami.zacatecas.gob.mx\/?page_id=19547"},"modified":"2025-08-13T18:55:25","modified_gmt":"2025-08-14T00:55:25","slug":"politica-de-privacidad-sezami-contigo","status":"publish","type":"page","link":"https:\/\/sezami.zacatecas.gob.mx\/?page_id=19547","title":{"rendered":"Pol\u00edtica de privacidad SEZAMI Contigo"},"content":{"rendered":"<h2>AVISO DE PRIVACIDAD, APLICACI\u00d3N SEZAMI CONTIGO<\/h2>\n<h3>Descargar<\/h3>\n<p><strong>AVISO DE PRIVACIDAD SIMPLIFICADO<\/strong><br \/>\n<strong>APLICACI\u00d3N SEZAMI CONTIGO<\/strong><\/p>\n<p>Denominaci\u00f3n del Responsable<br \/>\nLa Secretar\u00eda del Zacatecano Migrante con domicilio en Circuito Cerro del Gato, Edificio B, Planta Baja y Segundo Piso, Ciudad Administrativa, Zacatecas, Zac. C.P. 98160, es responsable del tratamiento de los datos personales recabados en el ejercicio de sus funciones, los cuales ser\u00e1n protegidos conforme lo dispuesto en la Ley General de Protecci\u00f3n de Datos Personales en Posesi\u00f3n de Sujetos Obligados y en la Ley de Protecci\u00f3n de Datos Personales en Posesi\u00f3n de Sujetos Obligados del Estado de Zacatecas.<\/p>\n<p>\u00bfQu\u00e9 datos personales utilizaremos para estos fines?<br \/>\nPara el funcionamiento de la aplicaci\u00f3n, no se utilizar\u00e1n datos personales del titular, garantizando as\u00ed su privacidad y seguridad. El sitio y los cambios al aviso de privacidad.<\/p>\n<p>En caso de que exista un cambio en este aviso de privacidad, lo haremos de su conocimiento a trav\u00e9s de nuestro portal de internet https:\/\/sezami.zacatecas.gob.mx\/?page_id=4276 o bien, de manera presencial en las instalaciones de la Secretar\u00eda.<\/p>\n<p>Actualizaci\u00f3n enero 2025.<\/p>\n","protected":false},"excerpt":{"rendered":"<p>AVISO DE PRIVACIDAD, APLICACI\u00d3N SEZAMI CONTIGO Descargar AVISO DE PRIVACIDAD [&hellip;]<\/p>\n","protected":false},"author":5,"featured_media":0,"parent":0,"menu_order":0,"comment_status":"closed","ping_status":"closed","template":"","meta":{"_eb_attr":""},"_links":{"self":[{"href":"https:\/\/sezami.zacatecas.gob.mx\/index.php?rest_route=\/wp\/v2\/pages\/19547"}],"collection":[{"href":"https:\/\/sezami.zacatecas.gob.mx\/index.php?rest_route=\/wp\/v2\/pages"}],"about":[{"href":"https:\/\/sezami.zacatecas.gob.mx\/index.php?rest_route=\/wp\/v2\/types\/page"}],"author":[{"embeddable":true,"href":"https:\/\/sezami.zacatecas.gob.mx\/index.php?rest_route=\/wp\/v2\/users\/5"}],"replies":[{"embeddable":true,"href":"https:\/\/sezami.zacatecas.gob.mx\/index.php?rest_route=%2Fwp%2Fv2%2Fcomments&post=19547"}],"version-history":[{"count":2,"href":"https:\/\/sezami.zacatecas.gob.mx\/index.php?rest_route=\/wp\/v2\/pages\/19547\/revisions"}],"predecessor-version":[{"id":19549,"href":"https:\/\/sezami.zacatecas.gob.mx\/index.php?rest_route=\/wp\/v2\/pages\/19547\/revisions\/19549"}],"wp:attachment":[{"href":"https:\/\/sezami.zacatecas.gob.mx\/index.php?rest_route=%2Fwp%2Fv2%2Fmedia&parent=19547"}],"curies":[{"name":"wp","href":"https:\/\/api.w.org\/{rel}","templated":true}]}}