{"id":16687,"date":"2022-02-28T03:14:24","date_gmt":"2022-02-28T09:14:24","guid":{"rendered":"https:\/\/sezami.zacatecas.gob.mx\/?page_id=16687"},"modified":"2022-03-03T01:22:35","modified_gmt":"2022-03-03T07:22:35","slug":"transparencia","status":"publish","type":"page","link":"https:\/\/sezami.zacatecas.gob.mx\/?page_id=16687","title":{"rendered":"Transparencia"},"content":{"rendered":"<p><div class=\"fusion-fullwidth fullwidth-box fusion-builder-row-1 fusion-flex-container nonhundred-percent-fullwidth non-hundred-percent-height-scrolling\" style=\"background-color: rgba(255,255,255,0);background-position: center center;background-repeat: no-repeat;border-width: 0px 0px 0px 0px;border-color:var(--awb-color3);border-style:solid;\" ><div class=\"fusion-builder-row fusion-row fusion-flex-align-items-flex-start\" style=\"max-width:1248px;margin-left: calc(-4% \/ 2 );margin-right: calc(-4% \/ 2 );\"><div class=\"fusion-layout-column fusion_builder_column fusion-builder-column-0 fusion_builder_column_1_1 1_1 fusion-flex-column\"><div class=\"fusion-column-wrapper fusion-flex-justify-content-flex-start fusion-content-layout-column\" style=\"background-position:left top;background-repeat:no-repeat;-webkit-background-size:cover;-moz-background-size:cover;-o-background-size:cover;background-size:cover;padding: 0px 0px 0px 0px;\"><div class=\"fusion-text fusion-text-1\"><h2 style=\"text-align: center;\"><strong>ART\u00cdCULO 6\u00b0 CONSTITUCIONAL<\/strong><\/h2>\n<p style=\"text-align: center;\">Toda persona tiene derecho al libre acceso a informaci\u00f3n plural y oportuna, as\u00ed como a buscar, recibir y difundir informaci\u00f3n e ideas de toda \u00edndole por cualquier medio de expresi\u00f3n.<\/p>\n<\/div><\/div><style type=\"text\/css\">.fusion-body .fusion-builder-column-0{width:100% !important;margin-top : 0px;margin-bottom : 20px;}.fusion-builder-column-0 > .fusion-column-wrapper {padding-top : 0px !important;padding-right : 0px !important;margin-right : 1.92%;padding-bottom : 0px !important;padding-left : 0px !important;margin-left : 1.92%;}@media only screen and (max-width:1024px) {.fusion-body .fusion-builder-column-0{width:100% !important;order : 0;}.fusion-builder-column-0 > .fusion-column-wrapper {margin-right : 1.92%;margin-left : 1.92%;}}@media only screen and (max-width:640px) {.fusion-body .fusion-builder-column-0{width:100% !important;order : 0;}.fusion-builder-column-0 > .fusion-column-wrapper {margin-right : 1.92%;margin-left : 1.92%;}}<\/style><\/div><\/div><style type=\"text\/css\">.fusion-body .fusion-flex-container.fusion-builder-row-1{ padding-top : 0px;margin-top : 0px;padding-right : 0px;padding-bottom : 0px;margin-bottom : 0px;padding-left : 0px;}<\/style><\/div><div class=\"fusion-fullwidth fullwidth-box fusion-builder-row-2 fusion-flex-container nonhundred-percent-fullwidth non-hundred-percent-height-scrolling\" style=\"background-color: rgba(255,255,255,0);background-position: center center;background-repeat: no-repeat;border-width: 0px 0px 0px 0px;border-color:var(--awb-color3);border-style:solid;\" ><div class=\"fusion-builder-row fusion-row fusion-flex-align-items-flex-start\" style=\"max-width:1248px;margin-left: calc(-4% \/ 2 );margin-right: calc(-4% \/ 2 );\"><div class=\"fusion-layout-column fusion_builder_column fusion-builder-column-1 fusion_builder_column_1_1 1_1 fusion-flex-column\"><div class=\"fusion-column-wrapper fusion-flex-justify-content-flex-start fusion-content-layout-column\" style=\"background-position:left top;background-repeat:no-repeat;-webkit-background-size:cover;-moz-background-size:cover;-o-background-size:cover;background-size:cover;padding: 0px 0px 0px 0px;\"><style type=\"text\/css\">#accordion-16687-1 .fusion-panel:hover, #accordion-16687-1 .fusion-panel.hover{ background-color: var(--awb-color2) } #accordion-16687-1 .fusion-panel { border-color:var(--awb-color3); border-width:1px; background-color:var(--awb-color1); }.fusion-accordian  #accordion-16687-1 .panel-title a .fa-fusion-box{ color: var(--awb-color1);}.fusion-accordian  #accordion-16687-1 .panel-title a .fa-fusion-box:before{ font-size: 16px; width: 16px;}.fusion-accordian  #accordion-16687-1 .panel-title a{font-size:30px;color:var(--awb-color8);font-family:var(--awb-typography1-font-family);font-weight:var(--awb-typography1-font-weight);font-style:var(--awb-typography1-font-style);}.fusion-accordian  #accordion-16687-1 .toggle-content{font-size:var(--awb-typography4-font-size);color:var(--awb-color8);font-family:var(--awb-typography4-font-family);font-weight:var(--awb-typography4-font-weight);font-style:var(--awb-typography4-font-style);}.fusion-accordian  #accordion-16687-1 .fa-fusion-box { background-color: var(--awb-color8);border-color: var(--awb-color8);}.fusion-accordian  #accordion-16687-1 .panel-title a:not(.active):hover, #accordion-16687-1 .fusion-toggle-boxed-mode:hover .panel-title a { color: var(--awb-color5);}.fusion-accordian  #accordion-16687-1 .panel-title .active .fa-fusion-box,.fusion-accordian  #accordion-16687-1 .panel-title a:not(.active):hover .fa-fusion-box { background-color: var(--awb-color5)!important;border-color: var(--awb-color5)!important;}<\/style><div class=\"accordian fusion-accordian\"><div class=\"panel-group\" id=\"accordion-16687-1\"><style type=\"text\/css\">.fusion-accordian  #accordion-16687-1 .panel-16b953dd0f0997faa .panel-title a{font-size:30px;font-family:\"Montserrat\";font-weight:500;}.fusion-accordian  #accordion-16687-1 .panel-16b953dd0f0997faa .toggle-content{font-family:\"Montserrat\";font-weight:400;}<\/style><div class=\"fusion-panel panel-default panel-16b953dd0f0997faa fusion-toggle-no-divider fusion-toggle-boxed-mode\"><div class=\"panel-heading\"><h4 class=\"panel-title toggle\"><a aria-expanded=\"false\" aria-controls=\"16b953dd0f0997faa\" role=\"button\" data-toggle=\"collapse\" data-parent=\"#accordion-16687-1\" data-target=\"#16b953dd0f0997faa\" href=\"#16b953dd0f0997faa\"><span class=\"fusion-toggle-icon-wrapper\" aria-hidden=\"true\"><i class=\"fa-fusion-box active-icon awb-icon-plus\" aria-hidden=\"true\"><\/i><i class=\"fa-fusion-box inactive-icon awb-icon-minus\" aria-hidden=\"true\"><\/i><\/span><span class=\"fusion-toggle-heading\">Obligaciones de Transparencia<\/span><\/a><\/h4><\/div><div id=\"16b953dd0f0997faa\" class=\"panel-collapse collapse \"><div class=\"panel-body toggle-content fusion-clearfix\">\n<p><a href=\"https:\/\/consultapublicamx.inai.org.mx\/vut-web\/faces\/view\/consultaPublica.xhtml#obligaciones\">https:\/\/consultapublicamx.inai.org.mx\/vut-web\/faces\/view\/consultaPublica.xhtml#obligaciones<\/a><\/p>\n<\/div><\/div><\/div><style type=\"text\/css\">.fusion-accordian  #accordion-16687-1 .panel-d5154e8c3f217357a .panel-title a{font-size:30px;font-family:\"Montserrat\";font-weight:500;}.fusion-accordian  #accordion-16687-1 .panel-d5154e8c3f217357a .toggle-content{font-family:\"Montserrat\";font-weight:400;}<\/style><div class=\"fusion-panel panel-default panel-d5154e8c3f217357a fusion-toggle-no-divider fusion-toggle-boxed-mode\"><div class=\"panel-heading\"><h4 class=\"panel-title toggle\"><a aria-expanded=\"false\" aria-controls=\"d5154e8c3f217357a\" role=\"button\" data-toggle=\"collapse\" data-parent=\"#accordion-16687-1\" data-target=\"#d5154e8c3f217357a\" href=\"#d5154e8c3f217357a\"><span class=\"fusion-toggle-icon-wrapper\" aria-hidden=\"true\"><i class=\"fa-fusion-box active-icon awb-icon-plus\" aria-hidden=\"true\"><\/i><i class=\"fa-fusion-box inactive-icon awb-icon-minus\" aria-hidden=\"true\"><\/i><\/span><span class=\"fusion-toggle-heading\">Proceso para ejercer el derecho a la informaci\u00f3n<\/span><\/a><\/h4><\/div><div id=\"d5154e8c3f217357a\" class=\"panel-collapse collapse \"><div class=\"panel-body toggle-content fusion-clearfix\">\n<p><strong>Proceso de Solicitud de Acceso a la Informaci\u00f3n:<\/strong><\/p>\n<div ><style>.fusion-button.button-1{border-radius:4px 4px 4px 4px;}<\/style><a class=\"fusion-button button-flat fusion-button-default-size button-default button-1 fusion-button-default-span fusion-button-default-type\" target=\"_self\" href=\"https:\/\/sezami.zacatecas.gob.mx\/docs\/form01_UT.docx\"><span class=\"fusion-button-text\">Descargar Formato<\/span><\/a><\/div><\/div><\/div><\/div><style type=\"text\/css\">.fusion-accordian  #accordion-16687-1 .panel-48ec686dcf7ac4019 .panel-title a{font-size:30px;font-family:\"Montserrat\";font-weight:500;}.fusion-accordian  #accordion-16687-1 .panel-48ec686dcf7ac4019 .toggle-content{font-family:\"Montserrat\";font-weight:400;}<\/style><div class=\"fusion-panel panel-default panel-48ec686dcf7ac4019 fusion-toggle-no-divider fusion-toggle-boxed-mode\"><div class=\"panel-heading\"><h4 class=\"panel-title toggle\"><a aria-expanded=\"false\" aria-controls=\"48ec686dcf7ac4019\" role=\"button\" data-toggle=\"collapse\" data-parent=\"#accordion-16687-1\" data-target=\"#48ec686dcf7ac4019\" href=\"#48ec686dcf7ac4019\"><span class=\"fusion-toggle-icon-wrapper\" aria-hidden=\"true\"><i class=\"fa-fusion-box active-icon awb-icon-plus\" aria-hidden=\"true\"><\/i><i class=\"fa-fusion-box inactive-icon awb-icon-minus\" aria-hidden=\"true\"><\/i><\/span><span class=\"fusion-toggle-heading\">Informaci\u00f3n P\u00fablica<\/span><\/a><\/h4><\/div><div id=\"48ec686dcf7ac4019\" class=\"panel-collapse collapse \"><div class=\"panel-body toggle-content fusion-clearfix\">\n<p><strong>\u00bfQu\u00e9 es una solicitud de acceso a informaci\u00f3n p\u00fablica?<\/strong><\/p>\n<p>Es un escrito que las personas presentan ante las Unidades de Transparencia de los Sujetos Obligados, por el que pueden requerir el acceso a informaci\u00f3n p\u00fablica que se encuentra en documentos que generen, obtengan, adquieran, transformen o conserven en sus archivos.<\/p>\n<p>En la generaci\u00f3n, publicaci\u00f3n y entrega de informaci\u00f3n se deber\u00e1 garantizar que \u00e9sta sea accesible, confiable, verificable, veraz, oportuna y atender\u00e1 las necesidades del derecho de acceso a la informaci\u00f3n de toda persona.<\/p>\n<p><strong>\u00bfAnte qui\u00e9n se puede presentar una solicitud de acceso a la informaci\u00f3n?<\/strong><\/p>\n<p>La informaci\u00f3n puede ser solicitada a cualquier autoridad, entidad, \u00f3rgano, y organismo de los Poderes Ejecutivo, Legislativo y Judicial, \u00f3rganos aut\u00f3nomos, partidos pol\u00edticos, fideicomisos y fondos p\u00fablicos, as\u00ed como cualquier persona f\u00edsica, moral o sindicato que reciba y ejerza recursos p\u00fablicos o realice actos de autoridad en los \u00e1mbitos federal, de las entidades Federativas y municipal (todos ellos conocidos como sujetos obligados); est\u00e1 informaci\u00f3n puede ser sobre cualquier actividad que lleven a cabo, as\u00ed como sobre el desempe\u00f1o, en su caso, de los servidores p\u00fablicos.<\/p>\n<p><strong>\u00bfCualquier informaci\u00f3n que posee el gobierno es p\u00fablica y, por lo tanto, la puedo solicitar?<\/strong><\/p>\n<p>La Ley de Transparencia y Acceso a la Informaci\u00f3n P\u00fablica del Estado de Zacatecas establece en su Art\u00edculo 11\u00b0 \u201cToda la informaci\u00f3n en posesi\u00f3n de os sujetos obligados ser\u00e1 p\u00fablica, completa, oportuna y accesible, sujeta a un claro r\u00e9gimen de excepciones que deber\u00e1n estar definidas y ser adem\u00e1s leg\u00edtimas y estrictamente necesarias en una sociedad democr\u00e1tica\u201d<\/p>\n<p>Excepto aquella que sea clasificada como reservada o confidencial.<\/p>\n<p><strong>\u00bfCu\u00e1l es la informaci\u00f3n reservada?<\/strong><\/p>\n<p>La informaci\u00f3n reservada es aquella cuya difusi\u00f3n pueda:<\/p>\n<ol>\n<li>Pueda poner en riesgo la vida, seguridad o salud de una persona f\u00edsica;<\/li>\n<\/ol>\n<p>II: Obstruya las actividades de verificaci\u00f3n, inspecci\u00f3n y auditor\u00eda relativas al cumplimiento de las leyes o afecte la recaudaci\u00f3n de contribuciones;<\/p>\n<p>III. Obstruya la prevenci\u00f3n o persecuci\u00f3n de los delitos;<\/p>\n<ol>\n<li>La que contenga las opiniones, recomendaciones o puntos de vista que formen parte del proceso deliberativo de los servidores p\u00fablicos, hasta en tanto no sea adoptada la decisi\u00f3n definitiva, la cual deber\u00e1 estar documentada;<\/li>\n<li>Obstruya los procedimientos para fincar responsabilidad a los servidores p\u00fablicos, en tanto no se haya dictado la resoluci\u00f3n administrativa;<\/li>\n<li>Afecte los derechos del debido proceso;<\/li>\n<\/ol>\n<p>VII. Vulnere la conducci\u00f3n de los expedientes judiciales o de los procedimientos administrativos seguidos en forma de juicio, en tanto no hayan causado estado;<\/p>\n<p>VIII. Se encuentre contenida dentro de las investigaciones de hechos que la ley se\u00f1ale como delitos y se tramiten ante el Ministerio P\u00fablico;<\/p>\n<ol>\n<li>Las que por disposici\u00f3n expresa de una ley tengan tal car\u00e1cter, siempre que sean acordes con las bases, principios y disposiciones establecidos en esta Ley y no la contravengan; as\u00ed como las previstas en tratados internacionales.<\/li>\n<\/ol>\n<p><strong>\u00bfCu\u00e1l es la informaci\u00f3n confidencial?<\/strong><\/p>\n<p>Se considera informaci\u00f3n confidencial la que contiene datos personales concernientes a una persona identificada o identificable.<\/p>\n<p>Tambi\u00e9n se considera como informaci\u00f3n confidencial: los secretos bancario, fiduciario, industrial, comercial, fiscal, burs\u00e1til y postal, cuya titularidad corresponda a particulares, sujetos de derecho internacional o a sujetos obligados\u00a0<strong>cuando no involucren el ejercicio de recursos p\u00fablicos<\/strong>.<\/p>\n<p>Asimismo, ser\u00e1 informaci\u00f3n confidencial aquella que presenten los particulares a los sujetos obligados, siempre que tengan el derecho a ello, de conformidad con lo dispuesto por las leyes o los tratados internacionales.<\/p>\n<p>La informaci\u00f3n confidencial no estar\u00e1 sujeta a temporalidad alguna.<\/p>\n<p><strong>\u00bfQui\u00e9n puede presentar una solicitud de acceso a informaci\u00f3n p\u00fablica y ante qui\u00e9n?<\/strong><\/p>\n<p>Cualquier persona por s\u00ed misma o a trav\u00e9s de su representante legal.<\/p>\n<p><strong>\u00bfSe debe justificar el por qu\u00e9 un particular requiere determinada informaci\u00f3n p\u00fablica?<\/strong><\/p>\n<p>No. Usted no debe dar ninguna explicaci\u00f3n del por qu\u00e9 requiere determinada informaci\u00f3n ni para qu\u00e9 la va a utilizar.<\/p>\n<p><strong>\u00bfQu\u00e9 instancia debe dar tr\u00e1mite a las solicitudes de acceso a informaci\u00f3n p\u00fablica?<\/strong><\/p>\n<p>Las Unidades de Transparencia de los Sujetos Obligados son las instancias responsables de recibir y dar tr\u00e1mite a las solicitudes de acceso a la informaci\u00f3n que presenten los particulares.<\/p>\n<p>La Unidades de Transparencia deben auxiliar a los particulares en la elaboraci\u00f3n de solicitudes de acceso a la informaci\u00f3n y, en su caso, orientarlos sobre los sujetos obligados competentes conforme a la normatividad aplicable.<\/p>\n<p><strong>\u00bfCu\u00e1ntos d\u00edas tienen los sujetos obligados para responder una solicitud?<\/strong><\/p>\n<p>La respuesta a la solicitud deber\u00e1 ser notificada al interesado en el menor tiempo posible, que no podr\u00e1 exceder de\u00a0<strong>20 d\u00edas<\/strong>, contados a partir del d\u00eda siguiente a la presentaci\u00f3n de aqu\u00e9lla. Excepcionalmente, el plazo referido podr\u00e1 ampliarse hasta por 10 d\u00edas m\u00e1s, siempre y cuando existan razones fundadas y motivadas.<\/p>\n<p>En caso de que la informaci\u00f3n solicitada no pueda entregarse o enviarse en la modalidad elegida por el solicitante, el sujeto obligado deber\u00e1 ofrecer otra u otras modalidades de entrega.<\/p>\n<p>Si una solicitud no es respondida en el plazo previsto, en caso de que proceda el acceso, los costos de reproducci\u00f3n y env\u00edo correr\u00e1n a cargo del sujeto obligado.<\/p>\n<p><strong>\u00bfQu\u00e9 puedo hacer si me niegan la informaci\u00f3n o me la entregan incompleta?<\/strong><\/p>\n<p>Si Usted solicit\u00f3 informaci\u00f3n p\u00fablica que se encuentre en posesi\u00f3n de cualquier autoridad, entidad, \u00f3rgano y organismo de los poderes Legislativo, Ejecutivo y Judicial, \u00f3rganos aut\u00f3nomos, partidos pol\u00edticos, fideicomisos y fondos p\u00fablicos, as\u00ed como de cualquier persona f\u00edsica, moral o sindicato que reciba o ejerza recursos p\u00fablicos federales o realice actos de autoridad y le negaron la informaci\u00f3n o se la proporcionaron incompleta, tiene el derecho de interponer un recurso de revisi\u00f3n.<\/p>\n<p><strong>\u00bfD\u00f3nde puedo presentar una solicitud de acceso a informaci\u00f3n p\u00fablica?<\/strong><\/p>\n<p>Usted puede presentar una solicitud de informaci\u00f3n a trav\u00e9s de las siguientes v\u00edas:<\/p>\n<ol>\n<li>Acudiendo personalmente a la Unidad de Transparencia del sujeto obligado.<\/li>\n<li>Por medios electr\u00f3nicos a trav\u00e9s de Internet, utilizando la Plataforma Nacional de Transparencia:\u00a0<a href=\"http:\/\/www.plataformadetransparencia.org.mx\/\">http:\/\/www.plataformadetransparencia.org.mx\/<\/a><br \/>\nEn este caso, le ser\u00e1 asignado autom\u00e1ticamente un n\u00famero de folio con el que podr\u00e1 dar seguimiento a su requerimiento.<\/li>\n<li>Por correo electr\u00f3nico, correo postal, mensajer\u00eda, tel\u00e9grafo, verbalmente o cualquier medio aprobado por el Sistema Nacional, dirigido a la Unidad de Transparencia del sujeto obligado cuya informaci\u00f3n solicita.<br \/>\nEs importante que Usted se quede con un comprobante que acredite la fecha en que present\u00f3 su solicitud de acceso a informaci\u00f3n p\u00fablica.<\/li>\n<li>En la oficina u oficinas designadas para ello.<\/li>\n<\/ol>\n<p><strong>\u00a0<\/strong><\/p>\n<p><strong>\u00bfCu\u00e1les \u00a0son los requisitos para presentar una solicitud de informaci\u00f3n?<\/strong><\/p>\n<ul>\n<li>Nombre o, en su caso, los datos generales de su representante (opcional).<\/li>\n<li>Domicilio o medio para recibir notificaciones.<\/li>\n<li>Descripci\u00f3n de la informaci\u00f3n solicitada.<\/li>\n<li>Cualquier otro dato que facilite su b\u00fasqueda (opcional).<\/li>\n<li>Modalidad en la que prefiere se otorgue al acceso a la informaci\u00f3n (verbal \u2013 siempre y cuando sea para fines de orientaci\u00f3n -, consulta directa, mediante la expedici\u00f3n de copias simples o certificadas o la reproducci\u00f3n en cualquier otro medio, incluidos los electr\u00f3nicos).<\/li>\n<\/ul>\n<\/div><\/div><\/div><\/div><\/div><\/div><style type=\"text\/css\">.fusion-body .fusion-builder-column-1{width:100% !important;margin-top : 0px;margin-bottom : 20px;}.fusion-builder-column-1 > .fusion-column-wrapper {padding-top : 0px !important;padding-right : 0px !important;margin-right : 1.92%;padding-bottom : 0px !important;padding-left : 0px !important;margin-left : 1.92%;}@media only screen and (max-width:1024px) {.fusion-body .fusion-builder-column-1{width:100% !important;order : 0;}.fusion-builder-column-1 > .fusion-column-wrapper {margin-right : 1.92%;margin-left : 1.92%;}}@media only screen and (max-width:640px) {.fusion-body .fusion-builder-column-1{width:100% !important;order : 0;}.fusion-builder-column-1 > .fusion-column-wrapper {margin-right : 1.92%;margin-left : 1.92%;}}<\/style><\/div><\/div><style type=\"text\/css\">.fusion-body .fusion-flex-container.fusion-builder-row-2{ padding-top : 0px;margin-top : 0px;padding-right : 0px;padding-bottom : 0px;margin-bottom : 0px;padding-left : 0px;}<\/style><\/div><\/p>\n","protected":false},"excerpt":{"rendered":"","protected":false},"author":5,"featured_media":0,"parent":0,"menu_order":0,"comment_status":"closed","ping_status":"closed","template":"","meta":{"_eb_attr":""},"_links":{"self":[{"href":"https:\/\/sezami.zacatecas.gob.mx\/index.php?rest_route=\/wp\/v2\/pages\/16687"}],"collection":[{"href":"https:\/\/sezami.zacatecas.gob.mx\/index.php?rest_route=\/wp\/v2\/pages"}],"about":[{"href":"https:\/\/sezami.zacatecas.gob.mx\/index.php?rest_route=\/wp\/v2\/types\/page"}],"author":[{"embeddable":true,"href":"https:\/\/sezami.zacatecas.gob.mx\/index.php?rest_route=\/wp\/v2\/users\/5"}],"replies":[{"embeddable":true,"href":"https:\/\/sezami.zacatecas.gob.mx\/index.php?rest_route=%2Fwp%2Fv2%2Fcomments&post=16687"}],"version-history":[{"count":23,"href":"https:\/\/sezami.zacatecas.gob.mx\/index.php?rest_route=\/wp\/v2\/pages\/16687\/revisions"}],"predecessor-version":[{"id":16755,"href":"https:\/\/sezami.zacatecas.gob.mx\/index.php?rest_route=\/wp\/v2\/pages\/16687\/revisions\/16755"}],"wp:attachment":[{"href":"https:\/\/sezami.zacatecas.gob.mx\/index.php?rest_route=%2Fwp%2Fv2%2Fmedia&parent=16687"}],"curies":[{"name":"wp","href":"https:\/\/api.w.org\/{rel}","templated":true}]}}