{"id":16531,"date":"2022-02-10T02:40:45","date_gmt":"2022-02-10T08:40:45","guid":{"rendered":"https:\/\/sezami.zacatecas.gob.mx\/wp\/?page_id=16531"},"modified":"2023-10-03T15:01:32","modified_gmt":"2023-10-03T21:01:32","slug":"servicios","status":"publish","type":"page","link":"https:\/\/sezami.zacatecas.gob.mx\/?page_id=16531","title":{"rendered":"Servicios"},"content":{"rendered":"<div class=\"fusion-fullwidth fullwidth-box fusion-builder-row-1 fusion-flex-container nonhundred-percent-fullwidth non-hundred-percent-height-scrolling\" style=\"background-color: rgba(255,255,255,0);background-position: center center;background-repeat: no-repeat;border-width: 0px 0px 0px 0px;border-color:var(--awb-color3);border-style:solid;\" ><div class=\"fusion-builder-row fusion-row fusion-flex-align-items-flex-start\" style=\"max-width:1248px;margin-left: calc(-4% \/ 2 );margin-right: calc(-4% \/ 2 );\"><div class=\"fusion-layout-column fusion_builder_column fusion-builder-column-0 fusion_builder_column_1_1 1_1 fusion-flex-column\"><div class=\"fusion-column-wrapper fusion-flex-justify-content-flex-start fusion-content-layout-column\" style=\"background-position:left top;background-repeat:no-repeat;-webkit-background-size:cover;-moz-background-size:cover;-o-background-size:cover;background-size:cover;padding: 0px 0px 0px 0px;\"><style type=\"text\/css\">#accordion-16531-1 .fusion-panel:hover, #accordion-16531-1 .fusion-panel.hover{ background-color: var(--awb-color2) } #accordion-16531-1 .fusion-panel { border-color:var(--awb-color3); border-width:1px; background-color:var(--awb-color1); }.fusion-accordian  #accordion-16531-1 .panel-title a .fa-fusion-box{ color: var(--awb-color1);}.fusion-accordian  #accordion-16531-1 .panel-title a .fa-fusion-box:before{ font-size: 16px; width: 16px;}.fusion-accordian  #accordion-16531-1 .panel-title a{font-size:35px;color:var(--awb-color8);font-family:\"Montserrat\";font-weight:400;}.fusion-accordian  #accordion-16531-1 .toggle-content{font-size:20px;color:var(--awb-color8);font-family:\"Montserrat\";font-weight:400;}.fusion-accordian  #accordion-16531-1 .fa-fusion-box { background-color: var(--awb-color8);border-color: var(--awb-color8);}.fusion-accordian  #accordion-16531-1 .panel-title a:not(.active):hover, #accordion-16531-1 .fusion-toggle-boxed-mode:hover .panel-title a { color: var(--awb-color5);}.fusion-accordian  #accordion-16531-1 .panel-title .active .fa-fusion-box,.fusion-accordian  #accordion-16531-1 .panel-title a:not(.active):hover .fa-fusion-box { background-color: var(--awb-color5)!important;border-color: var(--awb-color5)!important;}<\/style><div class=\"accordian fusion-accordian\"><div class=\"panel-group\" id=\"accordion-16531-1\"><style type=\"text\/css\">.fusion-accordian  #accordion-16531-1 .panel-9c2dc38bc0575af54 .panel-title a{}.fusion-accordian  #accordion-16531-1 .panel-9c2dc38bc0575af54 .toggle-content{}<\/style><div class=\"fusion-panel panel-default panel-9c2dc38bc0575af54 fusion-toggle-no-divider fusion-toggle-boxed-mode\"><div class=\"panel-heading\"><h4 class=\"panel-title toggle\"><a aria-expanded=\"false\" aria-controls=\"9c2dc38bc0575af54\" role=\"button\" data-toggle=\"collapse\" data-parent=\"#accordion-16531-1\" data-target=\"#9c2dc38bc0575af54\" href=\"#9c2dc38bc0575af54\"><span class=\"fusion-toggle-icon-wrapper\" aria-hidden=\"true\"><i class=\"fa-fusion-box active-icon awb-icon-plus\" aria-hidden=\"true\"><\/i><i class=\"fa-fusion-box inactive-icon awb-icon-minus\" aria-hidden=\"true\"><\/i><\/span><span class=\"fusion-toggle-heading\">Acompa\u00f1amiento para tr\u00e1mite de Visa<\/span><\/a><\/h4><\/div><div id=\"9c2dc38bc0575af54\" class=\"panel-collapse collapse \"><div class=\"panel-body toggle-content fusion-clearfix\"><img decoding=\"async\" class=\"\" src=\"https:\/\/sezami.zacatecas.gob.mx\/wp-content\/uploads\/2023\/10\/8.jpg\" alt=\"\" width=\"1080\" height=\"1080\" \/><\/div><\/div><\/div><style type=\"text\/css\">.fusion-accordian  #accordion-16531-1 .panel-cc33a00bef492cddd .panel-title a{}.fusion-accordian  #accordion-16531-1 .panel-cc33a00bef492cddd .toggle-content{}<\/style><div class=\"fusion-panel panel-default panel-cc33a00bef492cddd fusion-toggle-no-divider fusion-toggle-boxed-mode\"><div class=\"panel-heading\"><h4 class=\"panel-title toggle\"><a aria-expanded=\"false\" aria-controls=\"cc33a00bef492cddd\" role=\"button\" data-toggle=\"collapse\" data-parent=\"#accordion-16531-1\" data-target=\"#cc33a00bef492cddd\" href=\"#cc33a00bef492cddd\"><span class=\"fusion-toggle-icon-wrapper\" aria-hidden=\"true\"><i class=\"fa-fusion-box active-icon awb-icon-plus\" aria-hidden=\"true\"><\/i><i class=\"fa-fusion-box inactive-icon awb-icon-minus\" aria-hidden=\"true\"><\/i><\/span><span class=\"fusion-toggle-heading\">Pensi\u00f3n por Jubilaci\u00f3n del Seguro Social Norteamericano<\/span><\/a><\/h4><\/div><div id=\"cc33a00bef492cddd\" class=\"panel-collapse collapse \"><div class=\"panel-body toggle-content fusion-clearfix\">\n<p><img decoding=\"async\" class=\"\" src=\"https:\/\/sezami.zacatecas.gob.mx\/wp-content\/uploads\/2023\/10\/9.jpg\" alt=\"\" width=\"1080\" height=\"1080\" \/><\/p>\n<\/div><\/div><\/div><style type=\"text\/css\">.fusion-accordian  #accordion-16531-1 .panel-01ab9da4f754db668 .panel-title a{}.fusion-accordian  #accordion-16531-1 .panel-01ab9da4f754db668 .toggle-content{}<\/style><div class=\"fusion-panel panel-default panel-01ab9da4f754db668 fusion-toggle-no-divider fusion-toggle-boxed-mode\"><div class=\"panel-heading\"><h4 class=\"panel-title toggle\"><a aria-expanded=\"false\" aria-controls=\"01ab9da4f754db668\" role=\"button\" data-toggle=\"collapse\" data-parent=\"#accordion-16531-1\" data-target=\"#01ab9da4f754db668\" href=\"#01ab9da4f754db668\"><span class=\"fusion-toggle-icon-wrapper\" aria-hidden=\"true\"><i class=\"fa-fusion-box active-icon awb-icon-plus\" aria-hidden=\"true\"><\/i><i class=\"fa-fusion-box inactive-icon awb-icon-minus\" aria-hidden=\"true\"><\/i><\/span><span class=\"fusion-toggle-heading\">B\u00fasqueda de Personas<\/span><\/a><\/h4><\/div><div id=\"01ab9da4f754db668\" class=\"panel-collapse collapse \"><div class=\"panel-body toggle-content fusion-clearfix\">\n<p><strong>Acompa\u00f1amiento en la b\u00fasqueda de personas desaparecidas de origen zacatecano.<\/strong><\/p>\n<p><strong>PROCESO:<\/strong><\/p>\n<ul>\n<li>Solicita al familiar las generales del connacional (nombre, fecha y lugar de nacimiento, domicilio en el Estado y en el extranjero, se\u00f1as particulares,<br \/>\nantecedentes sobre situaci\u00f3n migratoria).<\/li>\n<li>Fecha y posible lugar de desaparici\u00f3n.<\/li>\n<li>Datos sobre el \u00faltimo contacto que se tuvo con la persona a localizar.<\/li>\n<li>Notificar a las autoridades consulares mexicanas para averiguar si hay reportes de connacionales hospitalizados, arrestados, forenses o imposibilitados<br \/>\npara comunicarse.<\/li>\n<li>Notificaci\u00f3n a la Oficina de Representaci\u00f3n del Instituto Nacional de Migraci\u00f3n en Zacatecas para su reporte con sus homologas nacionales.<\/li>\n<li>Notificaci\u00f3n Fiscal\u00eda General de Justicia, Delegaci\u00f3n Zacatecas para realizar la respectiva denuncia<\/li>\n<\/ul>\n<\/div><\/div><\/div><style type=\"text\/css\">.fusion-accordian  #accordion-16531-1 .panel-2ee2ae495e6d60b49 .panel-title a{}.fusion-accordian  #accordion-16531-1 .panel-2ee2ae495e6d60b49 .toggle-content{}<\/style><div class=\"fusion-panel panel-default panel-2ee2ae495e6d60b49 fusion-toggle-no-divider fusion-toggle-boxed-mode\"><div class=\"panel-heading\"><h4 class=\"panel-title toggle\"><a aria-expanded=\"false\" aria-controls=\"2ee2ae495e6d60b49\" role=\"button\" data-toggle=\"collapse\" data-parent=\"#accordion-16531-1\" data-target=\"#2ee2ae495e6d60b49\" href=\"#2ee2ae495e6d60b49\"><span class=\"fusion-toggle-icon-wrapper\" aria-hidden=\"true\"><i class=\"fa-fusion-box active-icon awb-icon-plus\" aria-hidden=\"true\"><\/i><i class=\"fa-fusion-box inactive-icon awb-icon-minus\" aria-hidden=\"true\"><\/i><\/span><span class=\"fusion-toggle-heading\">Constancia de Origen y Vecindad<\/span><\/a><\/h4><\/div><div id=\"2ee2ae495e6d60b49\" class=\"panel-collapse collapse \"><div class=\"panel-body toggle-content fusion-clearfix\">\n<h2>ACOMPA\u00d1AMIENTO<\/h2>\n<p><strong>DESCRIPCI\u00d3N<\/strong><\/p>\n<p>Acompa\u00f1amiento a la comunidad migrante y sus familias para solicitar ante las autoridades locales la emisi\u00f3n de una Constancia de Origen y Vecindad, con la que puedan acceder a la emisi\u00f3n de un Pasaporte o Matr\u00edcula Consular en la red consular de M\u00e9xico en Estados Unidos.<\/p>\n<p>El certificado\/constancia de origen es un tr\u00e1mite que proporciona un documento oficial de identificaci\u00f3n a cualquier ciudadano mexicano residente en el extranjero.<br \/>\n<strong>*Unicamente se puede tramitar en M\u00e9xico<\/strong><\/p>\n<p><strong>REQUISITOS:<\/strong><\/p>\n<ul>\n<li>Solicitar el apoyo compareciendo ante la SEZAMI de forma Presencial o de cualquier otro medio oficial;<\/li>\n<li>Comprobante de Nacionalidad Mexicana:\n<ul>\n<li>Acta Nacimiento;<\/li>\n<li>Carta de Naturalizaci\u00f3n;<\/li>\n<\/ul>\n<\/li>\n<li>Fotograf\u00edas recientes;<\/li>\n<li>Proveer la siguiente Informaci\u00f3n:\n<ul>\n<li>Domicilio en Estados Unidos;<\/li>\n<li>Comparecencia de dos testigos con identificaci\u00f3n oficial residentes en Zacatecas y en Estados Unidos de Am\u00e9rica<\/li>\n<\/ul>\n<\/li>\n<\/ul>\n<\/div><\/div><\/div><style type=\"text\/css\">.fusion-accordian  #accordion-16531-1 .panel-590c2155251dd5b8d .panel-title a{}.fusion-accordian  #accordion-16531-1 .panel-590c2155251dd5b8d .toggle-content{}<\/style><div class=\"fusion-panel panel-default panel-590c2155251dd5b8d fusion-toggle-no-divider fusion-toggle-boxed-mode\"><div class=\"panel-heading\"><h4 class=\"panel-title toggle\"><a aria-expanded=\"false\" aria-controls=\"590c2155251dd5b8d\" role=\"button\" data-toggle=\"collapse\" data-parent=\"#accordion-16531-1\" data-target=\"#590c2155251dd5b8d\" href=\"#590c2155251dd5b8d\"><span class=\"fusion-toggle-icon-wrapper\" aria-hidden=\"true\"><i class=\"fa-fusion-box active-icon awb-icon-plus\" aria-hidden=\"true\"><\/i><i class=\"fa-fusion-box inactive-icon awb-icon-minus\" aria-hidden=\"true\"><\/i><\/span><span class=\"fusion-toggle-heading\">Notificaci\u00f3n consular<\/span><\/a><\/h4><\/div><div id=\"590c2155251dd5b8d\" class=\"panel-collapse collapse \"><div class=\"panel-body toggle-content fusion-clearfix\"><img decoding=\"async\" class=\"\" src=\"https:\/\/sezami.zacatecas.gob.mx\/wp-content\/uploads\/2023\/10\/15.jpg\" alt=\"\" width=\"1080\" height=\"1080\" \/><\/div><\/div><\/div><\/div><\/div><\/div><style type=\"text\/css\">.fusion-body .fusion-builder-column-0{width:100% !important;margin-top : 0px;margin-bottom : 20px;}.fusion-builder-column-0 > .fusion-column-wrapper {padding-top : 0px !important;padding-right : 0px !important;margin-right : 1.92%;padding-bottom : 0px !important;padding-left : 0px !important;margin-left : 1.92%;}@media only screen and (max-width:1024px) {.fusion-body .fusion-builder-column-0{width:100% !important;order : 0;}.fusion-builder-column-0 > .fusion-column-wrapper {margin-right : 1.92%;margin-left : 1.92%;}}@media only screen and (max-width:640px) {.fusion-body .fusion-builder-column-0{width:100% !important;order : 0;}.fusion-builder-column-0 > .fusion-column-wrapper {margin-right : 1.92%;margin-left : 1.92%;}}<\/style><\/div><\/div><style type=\"text\/css\">.fusion-body .fusion-flex-container.fusion-builder-row-1{ padding-top : 0px;margin-top : 0px;padding-right : 0px;padding-bottom : 0px;margin-bottom : 0px;padding-left : 0px;}<\/style><\/div>\n","protected":false},"excerpt":{"rendered":"","protected":false},"author":5,"featured_media":0,"parent":0,"menu_order":0,"comment_status":"closed","ping_status":"closed","template":"100-width.php","meta":{"_eb_attr":""},"_links":{"self":[{"href":"https:\/\/sezami.zacatecas.gob.mx\/index.php?rest_route=\/wp\/v2\/pages\/16531"}],"collection":[{"href":"https:\/\/sezami.zacatecas.gob.mx\/index.php?rest_route=\/wp\/v2\/pages"}],"about":[{"href":"https:\/\/sezami.zacatecas.gob.mx\/index.php?rest_route=\/wp\/v2\/types\/page"}],"author":[{"embeddable":true,"href":"https:\/\/sezami.zacatecas.gob.mx\/index.php?rest_route=\/wp\/v2\/users\/5"}],"replies":[{"embeddable":true,"href":"https:\/\/sezami.zacatecas.gob.mx\/index.php?rest_route=%2Fwp%2Fv2%2Fcomments&post=16531"}],"version-history":[{"count":25,"href":"https:\/\/sezami.zacatecas.gob.mx\/index.php?rest_route=\/wp\/v2\/pages\/16531\/revisions"}],"predecessor-version":[{"id":18819,"href":"https:\/\/sezami.zacatecas.gob.mx\/index.php?rest_route=\/wp\/v2\/pages\/16531\/revisions\/18819"}],"wp:attachment":[{"href":"https:\/\/sezami.zacatecas.gob.mx\/index.php?rest_route=%2Fwp%2Fv2%2Fmedia&parent=16531"}],"curies":[{"name":"wp","href":"https:\/\/api.w.org\/{rel}","templated":true}]}}